{"id":636,"date":"2016-07-15T08:11:54","date_gmt":"2016-07-15T06:11:54","guid":{"rendered":"https:\/\/www.naturalwalk.co\/de\/?page_id=636"},"modified":"2016-07-15T12:27:39","modified_gmt":"2016-07-15T10:27:39","slug":"warum-natural-walk","status":"publish","type":"page","link":"https:\/\/www.naturalwalk.co\/de\/warum-natural-walk\/","title":{"rendered":"WARUM NATURAL WALK"},"content":{"rendered":"\n<style type=\"text\/css\" data-created_by=\"avia_inline_auto\" id=\"style-css-av-av_section-adbc16e626693184e984a2ff8c2527ce\">\n.avia-section.av-av_section-adbc16e626693184e984a2ff8c2527ce{\nbackground-repeat:no-repeat;\nbackground-image:url(https:\/\/www.naturalwalk.co\/wp-content\/uploads\/2016\/06\/prva-slika_en.jpg);\nbackground-position:50% 50%;\nbackground-attachment:scroll;\n}\n<\/style>\n<div id='zakaj_first'  class='avia-section av-av_section-adbc16e626693184e984a2ff8c2527ce main_color avia-section-no-padding avia-no-border-styling  avia-builder-el-0  el_before_av_section  avia-builder-el-first  avia-bg-style-scroll  container_wrap sidebar_right'  data-section-bg-repeat='no-repeat'><div class='container av-section-cont-open' ><main  role=\"main\" itemprop=\"mainContentOfPage\"  class='template-page content  av-content-small alpha units'><div class='post-entry post-entry-type-page post-entry-636'><div class='entry-content-wrapper clearfix'>\n<section  class='av_textblock_section av-av_textblock-2a20c95f7e2830161d9c745e0760162b '  itemscope=\"itemscope\" itemtype=\"https:\/\/schema.org\/CreativeWork\" ><div class='avia_textblock besedilo '  itemprop=\"text\" ><h1 style=\"text-align: left;\">St\u00f6cke mit der Biegung folgen nat\u00fcrlicher Bewegung der H\u00e4nde Spannkraft des Wanderstocks<\/h1>\n<h4>D\u00fcnnes Aluminium<\/h4>\n<p>Die Biegung wird durch Spitzenmaterial erm\u00f6glicht \u2013 d\u00fcnnes Aluminium 7075, das bessere Biegungsmerkmale als Karbon hat.<\/p>\n<\/div><\/section>\n\n<\/div><\/div><\/main><!-- close content main element --><\/div><\/div>\n<style type=\"text\/css\" data-created_by=\"avia_inline_auto\" id=\"style-css-av-av_section-1f32ecfbba8a7ebc938a3e64ab19d9bb\">\n.avia-section.av-av_section-1f32ecfbba8a7ebc938a3e64ab19d9bb{\nbackground-repeat:no-repeat;\nbackground-image:url(https:\/\/www.naturalwalk.co\/wp-content\/uploads\/2016\/04\/slika2.jpg);\nbackground-position:50% 50%;\nbackground-attachment:scroll;\n}\n<\/style>\n<div id='zakaj_second'  class='avia-section av-av_section-1f32ecfbba8a7ebc938a3e64ab19d9bb main_color avia-section-no-padding avia-no-border-styling  avia-builder-el-2  el_after_av_section  el_before_av_section  avia-bg-style-scroll  container_wrap sidebar_right'  data-section-bg-repeat='no-repeat'><div class='container av-section-cont-open' ><div class='template-page content  av-content-small alpha units'><div class='post-entry post-entry-type-page post-entry-636'><div class='entry-content-wrapper clearfix'>\n<section  class='av_textblock_section av-av_textblock-2a20c95f7e2830161d9c745e0760162b '  itemscope=\"itemscope\" itemtype=\"https:\/\/schema.org\/CreativeWork\" ><div class='avia_textblock besedilo '  itemprop=\"text\" ><h2>Holzgriff, um im Kontakt mit der Natur zu sein<\/h2>\n<p>Die Besonderheit des Stocks Natural walk ist der Holzgriff, der Ihren Handfl\u00e4chen freundlich ist. Der Griff ist mit Bio\u00f6l Impregnolpros sf. gestrichen.<\/p>\n<p>Der Holzgriff erm\u00f6glicht zwei verschiedene Handgriffe:<\/p>\n<ul style=\"list-style-type: disc;\">\n<li>T-Griff, wobei die Daumenkraft genutzt wird,<\/li>\n<li>klassischer Griff.<\/li>\n<\/ul>\n<\/div><\/section>\n\n<\/div><\/div><\/div><!-- close content main div --><\/div><\/div>\n<style type=\"text\/css\" data-created_by=\"avia_inline_auto\" id=\"style-css-av-av_section-e0d51f184875122d4c363f98fcd47ffd\">\n.avia-section.av-av_section-e0d51f184875122d4c363f98fcd47ffd{\nbackground-repeat:no-repeat;\nbackground-image:url(https:\/\/www.naturalwalk.co\/wp-content\/uploads\/2016\/04\/slika3.jpg);\nbackground-position:50% 50%;\nbackground-attachment:scroll;\n}\n<\/style>\n<div id='zakaj_third'  class='avia-section av-av_section-e0d51f184875122d4c363f98fcd47ffd main_color avia-section-no-padding avia-no-border-styling  avia-builder-el-4  el_after_av_section  el_before_av_section  avia-bg-style-scroll  container_wrap sidebar_right'  data-section-bg-repeat='no-repeat'><div class='container av-section-cont-open' ><div class='template-page content  av-content-small alpha units'><div class='post-entry post-entry-type-page post-entry-636'><div class='entry-content-wrapper clearfix'>\n<section  class='av_textblock_section av-av_textblock-2a20c95f7e2830161d9c745e0760162b '  itemscope=\"itemscope\" itemtype=\"https:\/\/schema.org\/CreativeWork\" ><div class='avia_textblock besedilo '  itemprop=\"text\" ><h2>Basismodell des Griffs<\/h2>\n<p>Das Basismodell des Griffs ist Esche, die in der Sportart meist verbreitet ist. Diese Holzart erf\u00fcllt den Menschen mit Harmonie und allgemeinem Wohlsein.<\/p>\n<p>Der Griff aus Eiche ist der Ausbau, den Sie w\u00e4hlen k\u00f6nnen. Eiche verdeutlicht St\u00e4rke und Fruchtbarkeit, bringt Optimismus, positives Denken, Stabilit\u00e4t und Ausdauer.<\/p>\n<\/div><\/section>\n\n<\/div><\/div><\/div><!-- close content main div --><\/div><\/div>\n<style type=\"text\/css\" data-created_by=\"avia_inline_auto\" id=\"style-css-av-av_section-06043afce426d16316522c99cfb819c2\">\n.avia-section.av-av_section-06043afce426d16316522c99cfb819c2{\nbackground-repeat:no-repeat;\nbackground-image:url(https:\/\/www.naturalwalk.co\/wp-content\/uploads\/2016\/04\/slika4.jpg);\nbackground-position:50% 50%;\nbackground-attachment:scroll;\n}\n<\/style>\n<div id='zakaj_fourth'  class='avia-section av-av_section-06043afce426d16316522c99cfb819c2 main_color avia-section-no-padding avia-no-border-styling  avia-builder-el-6  el_after_av_section  el_before_av_section  avia-bg-style-scroll  container_wrap sidebar_right'  data-section-bg-repeat='no-repeat'><div class='container av-section-cont-open' ><div class='template-page content  av-content-small alpha units'><div class='post-entry post-entry-type-page post-entry-636'><div class='entry-content-wrapper clearfix'>\n<section  class='av_textblock_section av-av_textblock-2a20c95f7e2830161d9c745e0760162b '  itemscope=\"itemscope\" itemtype=\"https:\/\/schema.org\/CreativeWork\" ><div class='avia_textblock besedilo '  itemprop=\"text\" ><h2>Stockmerkmale:<\/h2>\n<ul>\n<li>Gewicht des Stocks: 295g<\/li>\n<li>max. L\u00e4nge: 145cm<\/li>\n<li>zusammengesetzt: 98cm<\/li>\n<li>zerlegt: 79cm<\/li>\n<li>Zahl der Teile: 3<\/li>\n<li>L\u00e4nge des Stocks: S-Lock System, das eine einfache und schnelle Regulierung der Stockl\u00e4nge erm\u00f6glicht<\/li>\n<li>Spitze: Kurzspitze + Karbidhartmetall + Teller (Durchmesser 40mm) + Gummiunterlage f\u00fcr harte Unterlagen<\/li>\n<\/ul>\n<\/div><\/section>\n\n<\/div><\/div><\/div><!-- close content main div --><\/div><\/div><div id='domov_sixth'  class='avia-section av-av_section-d4b28fb35963890fe47b10a480d3c143 main_color avia-section-no-padding avia-no-border-styling  avia-builder-el-8  el_after_av_section  el_before_av_section  invalid-custom-class-found zakaj avia-bg-style-scroll  container_wrap sidebar_right'  ><div class='container av-section-cont-open' ><div class='template-page content  av-content-small alpha units'><div class='post-entry post-entry-type-page post-entry-636'><div class='entry-content-wrapper clearfix'>\n\n<style type=\"text\/css\" data-created_by=\"avia_inline_auto\" id=\"style-css-av-av_one_fifth-35b8e135f99d425e7d4fa2320075af1e\">\n.flex_column.av-av_one_fifth-35b8e135f99d425e7d4fa2320075af1e{\nborder-radius:0px 0px 0px 0px;\n-webkit-border-radius:0px 0px 0px 0px;\n-moz-border-radius:0px 0px 0px 0px;\n}\n<\/style>\n<div class='flex_column av-av_one_fifth-35b8e135f99d425e7d4fa2320075af1e av_one_fifth  avia-builder-el-9  el_before_av_three_fifth  avia-builder-el-first  leva_srce first flex_column_div av-zero-column-padding '   ><style type=\"text\/css\" data-created_by=\"avia_inline_auto\" id=\"style-css-av-av_image-3b65328ec54b689de6aeac49583fe274\">\n.avia-image-container.av-av_image-3b65328ec54b689de6aeac49583fe274 .av-image-caption-overlay-center{\ncolor:#ffffff;\n}\n<\/style>\n<div  class='avia-image-container av-av_image-3b65328ec54b689de6aeac49583fe274 av-styling-no-styling avia-align-center  avia-builder-el-10  avia-builder-el-no-sibling  desen_stolpec '  itemprop=\"image\" itemscope=\"itemscope\" itemtype=\"https:\/\/schema.org\/ImageObject\" ><div class=\"avia-image-container-inner\"><div class=\"avia-image-overlay-wrap\"><img class='wp-image-340 avia-img-lazy-loading-not-340 avia_image' src='https:\/\/www.naturalwalk.co\/wp-content\/uploads\/2016\/04\/ikona_levo.png' alt='' title='ikona_levo'  height=\"475\" width=\"284\"  itemprop=\"thumbnailUrl\"  \/><\/div><\/div><\/div><\/div>\n<style type=\"text\/css\" data-created_by=\"avia_inline_auto\" id=\"style-css-av-av_three_fifth-35f2c8e0e65897b205dba841b6c3bce5\">\n.flex_column.av-av_three_fifth-35f2c8e0e65897b205dba841b6c3bce5{\nborder-radius:0px 0px 0px 0px;\n-webkit-border-radius:0px 0px 0px 0px;\n-moz-border-radius:0px 0px 0px 0px;\n}\n<\/style>\n<div class='flex_column av-av_three_fifth-35f2c8e0e65897b205dba841b6c3bce5 av_three_fifth  avia-builder-el-11  el_after_av_one_fifth  el_before_av_one_fifth  darila_text flex_column_div av-zero-column-padding '   ><section  class='av_textblock_section av-av_textblock-741c6fec2387644c3e56dafe6d9fca0b '  itemscope=\"itemscope\" itemtype=\"https:\/\/schema.org\/CreativeWork\" ><div class='avia_textblock middle besedilo '  itemprop=\"text\" ><h3 style=\"text-align: center;\">Machen Sie einen Schritt mehr f\u00fcr Ihre Gesundheit<\/h3>\n<p style=\"text-align: center;\">Der Stock Natural walk regt Sie an, dass Sie einen Schritt mehr f\u00fcr Ihre Gesundheit machen. Mit regelm\u00e4\u00dfiger Verwendung der St\u00f6cke werden Sie Ihren Schulterg\u00fcrtel und Ihre Armmuskeln st\u00e4rken und gleichzeitig Ihre Beine, H\u00fcftgelenke und Knie entlasten. Wenn Sie den Stock richtig halten, bewegen Sie sich \u00e4hnlich wie beim Langlaufen, der eine der naturhaftesten und gesunden Sportarten ist. Ihre K\u00f6rperhaltung wird aufrechter sein. Der Stock Natural walk ist beim ebenen Gehen oder beim Gehen in den Bergen geeignet.<\/p>\n<\/div><\/section><\/div>\n<style type=\"text\/css\" data-created_by=\"avia_inline_auto\" id=\"style-css-av-av_one_fifth-21f664a37616de59457aa9839006b672\">\n.flex_column.av-av_one_fifth-21f664a37616de59457aa9839006b672{\nborder-radius:0px 0px 0px 0px;\n-webkit-border-radius:0px 0px 0px 0px;\n-moz-border-radius:0px 0px 0px 0px;\n}\n<\/style>\n<div class='flex_column av-av_one_fifth-21f664a37616de59457aa9839006b672 av_one_fifth  avia-builder-el-13  el_after_av_three_fifth  avia-builder-el-last  desna_srce flex_column_div av-zero-column-padding '   ><style type=\"text\/css\" data-created_by=\"avia_inline_auto\" id=\"style-css-av-av_image-6e938e0cb3e42eb5c3adebfb56d5af94\">\n.avia-image-container.av-av_image-6e938e0cb3e42eb5c3adebfb56d5af94 .av-image-caption-overlay-center{\ncolor:#ffffff;\n}\n<\/style>\n<div  class='avia-image-container av-av_image-6e938e0cb3e42eb5c3adebfb56d5af94 av-styling-no-styling avia-align-center  avia-builder-el-14  avia-builder-el-no-sibling  lev_stolpec '  itemprop=\"image\" itemscope=\"itemscope\" itemtype=\"https:\/\/schema.org\/ImageObject\" ><div class=\"avia-image-container-inner\"><div class=\"avia-image-overlay-wrap\"><img class='wp-image-338 avia-img-lazy-loading-not-338 avia_image' src='https:\/\/www.naturalwalk.co\/wp-content\/uploads\/2016\/04\/ikona_desno.png' alt='' title='ikona_desno'  height=\"433\" width=\"145\"  itemprop=\"thumbnailUrl\"  \/><\/div><\/div><\/div><\/div>\n\n<\/div><\/div><\/div><!-- close content main div --><\/div><\/div>\n<style type=\"text\/css\" data-created_by=\"avia_inline_auto\" id=\"style-css-av-av_section-4dd5f308d996fc7a169a9d365d8f9116\">\n.avia-section.av-av_section-4dd5f308d996fc7a169a9d365d8f9116{\nbackground-repeat:no-repeat;\nbackground-image:url(https:\/\/www.naturalwalk.co\/wp-content\/uploads\/2016\/04\/ozadje_oblikovne.png);\nbackground-position:50% 50%;\nbackground-attachment:scroll;\n}\n<\/style>\n<div id='oblikovne_fourth'  class='avia-section av-av_section-4dd5f308d996fc7a169a9d365d8f9116 main_color avia-section-no-padding avia-no-border-styling  avia-builder-el-15  el_after_av_section  avia-builder-el-last  avia-bg-style-scroll  container_wrap sidebar_right'  data-section-bg-repeat='no-repeat'><div class='container av-section-cont-open' ><div class='template-page content  av-content-small alpha units'><div class='post-entry post-entry-type-page post-entry-636'><div class='entry-content-wrapper clearfix'>\n<section  class='av_textblock_section av-av_textblock-3ddc85d735d5f637b431cdab8cc6ddbd '  itemscope=\"itemscope\" itemtype=\"https:\/\/schema.org\/CreativeWork\" ><div class='avia_textblock text '  itemprop=\"text\" ><h3 style=\"text-align: center;\">W\u00e4hlen Sie Ihren Wanderstock<\/h3>\n<\/div><\/section>\n<div class='flex_column_table av-av_one_half-dad990850723e006c608a7c70cbe5c16 sc-av_one_half av-equal-height-column-flextable'>\n<style type=\"text\/css\" data-created_by=\"avia_inline_auto\" id=\"style-css-av-av_one_half-dad990850723e006c608a7c70cbe5c16\">\n.flex_column.av-av_one_half-dad990850723e006c608a7c70cbe5c16{\nborder-radius:0px 0px 0px 0px;\n-webkit-border-radius:0px 0px 0px 0px;\n-moz-border-radius:0px 0px 0px 0px;\n}\n<\/style>\n<div class='flex_column av-av_one_half-dad990850723e006c608a7c70cbe5c16 av_one_half  avia-builder-el-17  el_after_av_textblock  el_before_av_one_half  jesenova_rocaja first no_margin flex_column_table_cell av-equal-height-column av-align-top av-zero-column-padding column-top-margin'   ><p>\n<style type=\"text\/css\" data-created_by=\"avia_inline_auto\" id=\"style-css-av-av_image-be0ef1ec9a6c64a900ae1a6c7baa4040\">\n.avia-image-container.av-av_image-be0ef1ec9a6c64a900ae1a6c7baa4040 .av-image-caption-overlay-center{\ncolor:#ffffff;\n}\n<\/style>\n<div  class='avia-image-container av-av_image-be0ef1ec9a6c64a900ae1a6c7baa4040 av-styling-no-styling avia-align-center  avia-builder-el-18  el_before_av_textblock  avia-builder-el-first  izberisvojo_c2a '  itemprop=\"image\" itemscope=\"itemscope\" itemtype=\"https:\/\/schema.org\/ImageObject\" ><div class=\"avia-image-container-inner\"><div class=\"avia-image-overlay-wrap\"><a href=\"https:\/\/www.naturalwalk.co\/izdelek\/palica-jesen\/\" class='avia_image' ><img class='wp-image-322 avia-img-lazy-loading-not-322 avia_image' src='https:\/\/www.naturalwalk.co\/wp-content\/uploads\/2016\/04\/jesen_dve.png' alt='' title='jesen_dve'  itemprop=\"thumbnailUrl\"  \/><\/a><\/div><\/div><\/div><br \/>\n<section  class='av_textblock_section av-av_textblock-3ddc85d735d5f637b431cdab8cc6ddbd '  itemscope=\"itemscope\" itemtype=\"https:\/\/schema.org\/CreativeWork\" ><div class='avia_textblock text '  itemprop=\"text\" ><p>Stock mit dem Griff aus Esche \u00a0<a href=\"https:\/\/www.naturalwalk.co\/de\/produkt\/esche\">MEHR<\/a><\/p>\n<\/div><\/section><\/p><\/div>\n<style type=\"text\/css\" data-created_by=\"avia_inline_auto\" id=\"style-css-av-av_one_half-637b6268cc14696582fdf3b984257519\">\n.flex_column.av-av_one_half-637b6268cc14696582fdf3b984257519{\nborder-radius:0px 0px 0px 0px;\n-webkit-border-radius:0px 0px 0px 0px;\n-moz-border-radius:0px 0px 0px 0px;\n}\n<\/style>\n<div class='flex_column av-av_one_half-637b6268cc14696582fdf3b984257519 av_one_half  avia-builder-el-20  el_after_av_one_half  avia-builder-el-last  hrastova_rocaja no_margin flex_column_table_cell av-equal-height-column av-align-top av-zero-column-padding column-top-margin'   ><p>\n<style type=\"text\/css\" data-created_by=\"avia_inline_auto\" id=\"style-css-av-av_image-4ece65a3d231121a92e0c6b15634e4a9\">\n.avia-image-container.av-av_image-4ece65a3d231121a92e0c6b15634e4a9 .av-image-caption-overlay-center{\ncolor:#ffffff;\n}\n<\/style>\n<div  class='avia-image-container av-av_image-4ece65a3d231121a92e0c6b15634e4a9 av-styling- avia-align-center  avia-builder-el-21  el_before_av_textblock  avia-builder-el-first  izberisvojo_c2a '  itemprop=\"image\" itemscope=\"itemscope\" itemtype=\"https:\/\/schema.org\/ImageObject\" ><div class=\"avia-image-container-inner\"><div class=\"avia-image-overlay-wrap\"><a href=\"https:\/\/www.naturalwalk.co\/izdelek\/palica-hrast\/\" class='avia_image' ><img class='wp-image-324 avia-img-lazy-loading-not-324 avia_image' src='https:\/\/www.naturalwalk.co\/wp-content\/uploads\/2016\/04\/hrast_dve.png' alt='' title=''  itemprop=\"thumbnailUrl\"  \/><\/a><\/div><\/div><\/div><br \/>\n<section  class='av_textblock_section av-av_textblock-3ddc85d735d5f637b431cdab8cc6ddbd '  itemscope=\"itemscope\" itemtype=\"https:\/\/schema.org\/CreativeWork\" ><div class='avia_textblock text '  itemprop=\"text\" ><p>Stock mit dem Griff aus Eiche <a href=\"https:\/\/www.naturalwalk.co\/de\/produkt\/eiche\">MEHR<\/a><\/p>\n<\/div><\/section><\/p><\/div><\/div><!--close column table wrapper. Autoclose: 1 --><\/div><\/div><\/div><!-- close content main div --><\/div><\/div><div id='after_section_6'  class='main_color av_default_container_wrap container_wrap sidebar_right'  ><div class='container av-section-cont-open' ><div class='template-page content  av-content-small alpha units'><div class='post-entry post-entry-type-page post-entry-636'><div class='entry-content-wrapper clearfix'>\n","protected":false},"excerpt":{"rendered":"","protected":false},"author":1,"featured_media":0,"parent":0,"menu_order":0,"comment_status":"closed","ping_status":"closed","template":"","meta":[],"acf":[],"yoast_head":"<!-- This site is optimized with the Yoast SEO plugin v17.7.1 - https:\/\/yoast.com\/wordpress\/plugins\/seo\/ -->\n<title>WARUM NATURAL WALK - Natural Walk<\/title>\n<meta name=\"robots\" content=\"index, follow, max-snippet:-1, max-image-preview:large, max-video-preview:-1\" \/>\n<link rel=\"canonical\" href=\"https:\/\/www.naturalwalk.co\/de\/warum-natural-walk\/\" \/>\n<meta property=\"og:locale\" content=\"de_DE\" \/>\n<meta property=\"og:type\" content=\"article\" \/>\n<meta property=\"og:title\" content=\"WARUM NATURAL WALK - Natural Walk\" \/>\n<meta property=\"og:url\" content=\"https:\/\/www.naturalwalk.co\/de\/warum-natural-walk\/\" \/>\n<meta property=\"og:site_name\" content=\"Natural Walk\" \/>\n<meta property=\"article:modified_time\" content=\"2016-07-15T10:27:39+00:00\" \/>\n<meta name=\"twitter:card\" content=\"summary\" \/>\n<meta name=\"twitter:label1\" content=\"Gesch\u00e4tzte Lesezeit\" \/>\n\t<meta name=\"twitter:data1\" content=\"7\u00a0Minuten\" \/>\n<script type=\"application\/ld+json\" class=\"yoast-schema-graph\">{\"@context\":\"https:\/\/schema.org\",\"@graph\":[{\"@type\":\"WebSite\",\"@id\":\"https:\/\/www.naturalwalk.co\/#website\",\"url\":\"https:\/\/www.naturalwalk.co\/\",\"name\":\"Natural Walk\",\"description\":\"\",\"potentialAction\":[{\"@type\":\"SearchAction\",\"target\":{\"@type\":\"EntryPoint\",\"urlTemplate\":\"https:\/\/www.naturalwalk.co\/?s={search_term_string}\"},\"query-input\":\"required name=search_term_string\"}],\"inLanguage\":\"de\"},{\"@type\":\"WebPage\",\"@id\":\"https:\/\/www.naturalwalk.co\/de\/warum-natural-walk\/#webpage\",\"url\":\"https:\/\/www.naturalwalk.co\/de\/warum-natural-walk\/\",\"name\":\"WARUM NATURAL WALK - Natural Walk\",\"isPartOf\":{\"@id\":\"https:\/\/www.naturalwalk.co\/#website\"},\"datePublished\":\"2016-07-15T06:11:54+00:00\",\"dateModified\":\"2016-07-15T10:27:39+00:00\",\"breadcrumb\":{\"@id\":\"https:\/\/www.naturalwalk.co\/de\/warum-natural-walk\/#breadcrumb\"},\"inLanguage\":\"de\",\"potentialAction\":[{\"@type\":\"ReadAction\",\"target\":[\"https:\/\/www.naturalwalk.co\/de\/warum-natural-walk\/\"]}]},{\"@type\":\"BreadcrumbList\",\"@id\":\"https:\/\/www.naturalwalk.co\/de\/warum-natural-walk\/#breadcrumb\",\"itemListElement\":[{\"@type\":\"ListItem\",\"position\":1,\"name\":\"Home\",\"item\":\"https:\/\/www.naturalwalk.co\/\"},{\"@type\":\"ListItem\",\"position\":2,\"name\":\"WARUM NATURAL WALK\"}]}]}<\/script>\n<!-- \/ Yoast SEO plugin. -->","yoast_head_json":{"title":"WARUM NATURAL WALK - Natural Walk","robots":{"index":"index","follow":"follow","max-snippet":"max-snippet:-1","max-image-preview":"max-image-preview:large","max-video-preview":"max-video-preview:-1"},"canonical":"https:\/\/www.naturalwalk.co\/de\/warum-natural-walk\/","og_locale":"de_DE","og_type":"article","og_title":"WARUM NATURAL WALK - Natural Walk","og_url":"https:\/\/www.naturalwalk.co\/de\/warum-natural-walk\/","og_site_name":"Natural Walk","article_modified_time":"2016-07-15T10:27:39+00:00","twitter_card":"summary","twitter_misc":{"Gesch\u00e4tzte Lesezeit":"7\u00a0Minuten"},"schema":{"@context":"https:\/\/schema.org","@graph":[{"@type":"WebSite","@id":"https:\/\/www.naturalwalk.co\/#website","url":"https:\/\/www.naturalwalk.co\/","name":"Natural Walk","description":"","potentialAction":[{"@type":"SearchAction","target":{"@type":"EntryPoint","urlTemplate":"https:\/\/www.naturalwalk.co\/?s={search_term_string}"},"query-input":"required name=search_term_string"}],"inLanguage":"de"},{"@type":"WebPage","@id":"https:\/\/www.naturalwalk.co\/de\/warum-natural-walk\/#webpage","url":"https:\/\/www.naturalwalk.co\/de\/warum-natural-walk\/","name":"WARUM NATURAL WALK - Natural Walk","isPartOf":{"@id":"https:\/\/www.naturalwalk.co\/#website"},"datePublished":"2016-07-15T06:11:54+00:00","dateModified":"2016-07-15T10:27:39+00:00","breadcrumb":{"@id":"https:\/\/www.naturalwalk.co\/de\/warum-natural-walk\/#breadcrumb"},"inLanguage":"de","potentialAction":[{"@type":"ReadAction","target":["https:\/\/www.naturalwalk.co\/de\/warum-natural-walk\/"]}]},{"@type":"BreadcrumbList","@id":"https:\/\/www.naturalwalk.co\/de\/warum-natural-walk\/#breadcrumb","itemListElement":[{"@type":"ListItem","position":1,"name":"Home","item":"https:\/\/www.naturalwalk.co\/"},{"@type":"ListItem","position":2,"name":"WARUM NATURAL WALK"}]}]}},"_links":{"self":[{"href":"https:\/\/www.naturalwalk.co\/de\/wp-json\/wp\/v2\/pages\/636"}],"collection":[{"href":"https:\/\/www.naturalwalk.co\/de\/wp-json\/wp\/v2\/pages"}],"about":[{"href":"https:\/\/www.naturalwalk.co\/de\/wp-json\/wp\/v2\/types\/page"}],"author":[{"embeddable":true,"href":"https:\/\/www.naturalwalk.co\/de\/wp-json\/wp\/v2\/users\/1"}],"replies":[{"embeddable":true,"href":"https:\/\/www.naturalwalk.co\/de\/wp-json\/wp\/v2\/comments?post=636"}],"version-history":[{"count":6,"href":"https:\/\/www.naturalwalk.co\/de\/wp-json\/wp\/v2\/pages\/636\/revisions"}],"predecessor-version":[{"id":704,"href":"https:\/\/www.naturalwalk.co\/de\/wp-json\/wp\/v2\/pages\/636\/revisions\/704"}],"wp:attachment":[{"href":"https:\/\/www.naturalwalk.co\/de\/wp-json\/wp\/v2\/media?parent=636"}],"curies":[{"name":"wp","href":"https:\/\/api.w.org\/{rel}","templated":true}]}}